{"id":40,"date":"2019-06-05T10:00:29","date_gmt":"2019-06-05T10:00:29","guid":{"rendered":"https:\/\/vip.homantransport.hu\/?page_id=40"},"modified":"2022-11-22T03:31:02","modified_gmt":"2022-11-22T03:31:02","slug":"uzleti-talalkozok","status":"publish","type":"page","link":"https:\/\/vip.homantransport.hu\/en\/uzleti-talalkozok\/","title":{"rendered":"\u00dczleti tal\u00e1lkoz\u00f3k"},"content":{"rendered":"","protected":false},"excerpt":{"rendered":"","protected":false},"author":1,"featured_media":0,"parent":0,"menu_order":0,"comment_status":"closed","ping_status":"closed","template":"uzleti-talalkozok.php","meta":{"_seopress_robots_primary_cat":"","footnotes":""},"_links":{"self":[{"href":"https:\/\/vip.homantransport.hu\/en\/wp-json\/wp\/v2\/pages\/40"}],"collection":[{"href":"https:\/\/vip.homantransport.hu\/en\/wp-json\/wp\/v2\/pages"}],"about":[{"href":"https:\/\/vip.homantransport.hu\/en\/wp-json\/wp\/v2\/types\/page"}],"author":[{"embeddable":true,"href":"https:\/\/vip.homantransport.hu\/en\/wp-json\/wp\/v2\/users\/1"}],"replies":[{"embeddable":true,"href":"https:\/\/vip.homantransport.hu\/en\/wp-json\/wp\/v2\/comments?post=40"}],"version-history":[{"count":1,"href":"https:\/\/vip.homantransport.hu\/en\/wp-json\/wp\/v2\/pages\/40\/revisions"}],"predecessor-version":[{"id":41,"href":"https:\/\/vip.homantransport.hu\/en\/wp-json\/wp\/v2\/pages\/40\/revisions\/41"}],"wp:attachment":[{"href":"https:\/\/vip.homantransport.hu\/en\/wp-json\/wp\/v2\/media?parent=40"}],"curies":[{"name":"wp","href":"https:\/\/api.w.org\/{rel}","templated":true}]}}