{"id":97,"date":"2020-01-16T08:48:33","date_gmt":"2020-01-16T08:48:33","guid":{"rendered":"https:\/\/vip.homantransport.hu\/?page_id=97"},"modified":"2022-11-21T13:23:55","modified_gmt":"2022-11-21T13:23:55","slug":"adatkezelesi-tajekoztato","status":"publish","type":"page","link":"https:\/\/vip.homantransport.hu\/en\/adatkezelesi-tajekoztato\/","title":{"rendered":"Adatkezel\u00e9si t\u00e1j\u00e9koztat\u00f3"},"content":{"rendered":"","protected":false},"excerpt":{"rendered":"","protected":false},"author":5,"featured_media":0,"parent":0,"menu_order":0,"comment_status":"closed","ping_status":"closed","template":"adatkezelesi-tajekoztato.php","meta":{"_seopress_robots_primary_cat":"","footnotes":""},"_links":{"self":[{"href":"https:\/\/vip.homantransport.hu\/en\/wp-json\/wp\/v2\/pages\/97"}],"collection":[{"href":"https:\/\/vip.homantransport.hu\/en\/wp-json\/wp\/v2\/pages"}],"about":[{"href":"https:\/\/vip.homantransport.hu\/en\/wp-json\/wp\/v2\/types\/page"}],"author":[{"embeddable":true,"href":"https:\/\/vip.homantransport.hu\/en\/wp-json\/wp\/v2\/users\/5"}],"replies":[{"embeddable":true,"href":"https:\/\/vip.homantransport.hu\/en\/wp-json\/wp\/v2\/comments?post=97"}],"version-history":[{"count":4,"href":"https:\/\/vip.homantransport.hu\/en\/wp-json\/wp\/v2\/pages\/97\/revisions"}],"predecessor-version":[{"id":106,"href":"https:\/\/vip.homantransport.hu\/en\/wp-json\/wp\/v2\/pages\/97\/revisions\/106"}],"wp:attachment":[{"href":"https:\/\/vip.homantransport.hu\/en\/wp-json\/wp\/v2\/media?parent=97"}],"curies":[{"name":"wp","href":"https:\/\/api.w.org\/{rel}","templated":true}]}}